{"id":61,"date":"2024-02-13T11:10:25","date_gmt":"2024-02-13T11:10:25","guid":{"rendered":"https:\/\/nuturi.net\/en\/?page_id=61"},"modified":"2024-09-16T09:12:40","modified_gmt":"2024-09-16T09:12:40","slug":"research","status":"publish","type":"page","link":"https:\/\/nuturi.net\/en\/research\/","title":{"rendered":"Research"},"content":{"rendered":"\n\t<section class=\"section\" id=\"section_974545299\">\n\t\t<div class=\"bg section-bg fill bg-fill  \" >\n\n\t\t\t\n\t\t\t\n\t\t\t\n\n\t\t<\/div>\n\n\t\t\n\t<div class=\"ux-shape-divider ux-shape-divider--bottom ux-shape-divider--style-waves-opacity-3\">\n\t\t<svg viewBox=\"0 0 1000 300\" xmlns=\"http:\/\/www.w3.org\/2000\/svg\" preserveAspectRatio=\"none\">\n\t<path class=\"ux-shape-fill\" opacity=\"0.05\" d=\"M1014 264V386H206L34 300C34 300 344.42 277.16 436 221C542 156 590 160 704 209C811 255 899.11 214.94 979 346L1014 264Z\"\/>\n\t<path class=\"ux-shape-fill\" opacity=\"0.1\" d=\"M-302 55C-302 55 -66.73 263.25 50 214C178 160 283 116 353 141C445.68 174.1 534.28 256.19 588 249C692.9 235 764.52 75.94 855 131C940.61 183.09 1000 254 1000 254V328L-306 338L-302 55Z\"\/>\n\t<path class=\"ux-shape-fill\" opacity=\"0.15\" d=\"M-286 255C-286 255 -72 152 52 126C176 100 255 155 436 227C581.57 284.91 614.7 277.79 708 227C787 184 1009 3.0001 1093 164C1146 265.63 1031 293 1031 293L924 377L-288 389L-286 255Z\"\/>\n\t<path class=\"ux-shape-fill\" opacity=\"0.3\" d=\"M-24 69C-24 69 275.68 370.66 389 314C397 310 622 316 673 356C690.47 369.7 845 224 890 182C944.8 130.85 1018 92 1078 143C1154.12 207.7 1196 242 1196 242L1184 374L-28 386L-24 69Z\"\/>\n\t<path class=\"ux-shape-fill\" d=\"M-12 201C-12 201 58 284 182 258C306 232 342.29 221.23 456 264C565 305 640.82 288.36 721 249C776 222 837.5 191.31 935 253C984 284 1030 279 1030 279L1024 430L-12 440V201Z\"\/>\n<\/svg>\n\t<\/div>\n\n\t\t<div class=\"section-content relative\">\n\t\t\t\n\n<div class=\"row\"  id=\"row-1612314504\">\n\n\n\t<div id=\"col-119924584\" class=\"col small-12 large-12\"  >\n\t\t\t\t<div class=\"col-inner\"  >\n\t\t\t\n\t\t\t\n\n\t<div class=\"img has-hover x md-x lg-x y md-y lg-y\" id=\"image_2004658793\">\n\t\t\t\t\t\t\t\t<div class=\"img-inner dark\" style=\"margin:60px 0px 0px 0px;\">\n\t\t\t\t\t\t\t\t\t\n\t\t\t\t\t<\/div>\n\t\t\t\t\t\t\t\t\n<style>\n#image_2004658793 {\n  width: 69%;\n}\n<\/style>\n\t<\/div>\n\t\n\n\n\t\t<\/div>\n\t\t\t\t\t<\/div>\n\n\t\n\n<\/div>\n\n\t\t<\/div>\n\n\t\t\n<style>\n#section_974545299 {\n  padding-top: 30px;\n  padding-bottom: 30px;\n  min-height: 250px;\n}\n#section_974545299 .section-bg.bg-loaded {\n  background-image: url(https:\/\/nuturi.net\/en\/wp-content\/uploads\/2024\/02\/nuturi_tutkittu_tieto_img_header.jpg);\n}\n#section_974545299 .section-bg {\n  background-position: 92% 42%;\n}\n#section_974545299 .ux-shape-divider--bottom svg {\n  height: 60px;\n  --divider-width: 100%;\n}\n@media (min-width:550px) {\n  #section_974545299 {\n    min-height: 325px;\n  }\n}\n<\/style>\n\t<\/section>\n\t\n\t<section class=\"section\" id=\"section_1409913401\">\n\t\t<div class=\"bg section-bg fill bg-fill  bg-loaded\" >\n\n\t\t\t\n\t\t\t\n\t\t\t\n\n\t\t<\/div>\n\n\t\t\n\n\t\t<div class=\"section-content relative\">\n\t\t\t\n\n\t<div id=\"gap-1666492736\" class=\"gap-element clearfix\" style=\"display:block; height:auto;\">\n\t\t\n<style>\n#gap-1666492736 {\n  padding-top: 20px;\n}\n@media (min-width:550px) {\n  #gap-1666492736 {\n    padding-top: 40px;\n  }\n}\n<\/style>\n\t<\/div>\n\t\n\n<div class=\"row\"  id=\"row-1140751601\">\n\n\n\t<div id=\"col-337734922\" class=\"col medium-4 small-12 large-4\"  >\n\t\t\t\t<div class=\"col-inner\"  >\n\t\t\t\n\t\t\t\n\n\t<div id=\"gap-88713354\" class=\"gap-element clearfix hide-for-medium\" style=\"display:block; height:auto;\">\n\t\t\n<style>\n#gap-88713354 {\n  padding-top: 10px;\n}\n<\/style>\n\t<\/div>\n\t\n\n\t<div id=\"text-3153153783\" class=\"text\">\n\t\t\n\n<h3>What is known about the NaP intervention?<\/h3>\n\t\t\n<style>\n#text-3153153783 {\n  font-size: 1.75rem;\n  line-height: 1.25;\n}\n@media (min-width:850px) {\n  #text-3153153783 {\n    line-height: 1.2;\n  }\n}\n<\/style>\n\t<\/div>\n\t\n<a href=\"https:\/\/nuturi.net\/en\/contact\/#trainers\" class=\"button success is-link lowercase\"  >\n    <span>Meet the trainers<\/span>\n  <i class=\"icon-angle-right\" aria-hidden=\"true\" ><\/i><\/a>\n\n\n\n\t\t<\/div>\n\t\t\t\t\n<style>\n#col-337734922 > .col-inner {\n  margin: 0px 0px -20px 0px;\n}\n<\/style>\n\t<\/div>\n\n\t\n\n\t<div id=\"col-1902980928\" class=\"col medium-8 small-12 large-8\"  >\n\t\t\t\t<div class=\"col-inner\"  >\n\t\t\t\n\t\t\t\n\n<p>NaP is based on mentalization theory (supporting parents&#8217; mentalization abilities), emotional availability theory and Theraplay\u00ae interaction therapy. The developers of NAP are psychotherapists with extensive training and experience in various interactional approaches and mentalisation therapies (see the trainers&#8217; introduction).<\/p>\n<p>NaP is a practical, preventive, short-term, and manualised working method for strengthening interaction. It is based on working directly with the parent-child relationship, i.e., the child is intensely involved in the treatment from the time of pregnancy. Direct, experiential, and emotional attunement to sensitivity is a key feature of NaP. Many forms of parenting support are based on guiding through discussion or working with the parent&#8217;s images and experiences. NaP aims to combine interactive play and reflective work to support mentalisation systematically.<\/p>\n\n\t\t<\/div>\n\t\t\t\t\t<\/div>\n\n\t\n\n<\/div>\n\n\t\t<\/div>\n\n\t\t\n<style>\n#section_1409913401 {\n  padding-top: 30px;\n  padding-bottom: 30px;\n}\n<\/style>\n\t<\/section>\n\t\n\t<section class=\"section dark\" id=\"section_21896816\">\n\t\t<div class=\"bg section-bg fill bg-fill  bg-loaded\" >\n\n\t\t\t\n\t\t\t\n\t\t\t\n\n\t\t<\/div>\n\n\t\t\t<div class=\"ux-shape-divider ux-shape-divider--top ux-shape-divider--style-arrow\">\n\t\t<svg viewBox=\"0 0 1000 100\" xmlns=\"http:\/\/www.w3.org\/2000\/svg\" preserveAspectRatio=\"none\">\n\t<path class=\"ux-shape-fill\" d=\"M1000 100H0L0 96H483L500 79L517 96H1000V100Z\"\/>\n<\/svg>\n\t<\/div>\n\n\t<div class=\"ux-shape-divider ux-shape-divider--bottom ux-shape-divider--style-arrow-invert\">\n\t\t<svg viewBox=\"0 0 1000 100\" xmlns=\"http:\/\/www.w3.org\/2000\/svg\" preserveAspectRatio=\"none\">\n\t<path class=\"ux-shape-fill\" d=\"M1000 100H0V80H483L500 97L517 80H1000V100Z\"\/>\n<\/svg>\n\t<\/div>\n\n\t\t<div class=\"section-content relative\">\n\t\t\t\n\n<div class=\"row\"  id=\"row-289562066\">\n\n\n\t<div id=\"col-734625260\" class=\"col small-12 large-12\"  >\n\t\t\t\t<div class=\"col-inner\"  >\n\t\t\t\n\t\t\t\n\n\t<div id=\"gap-2099312146\" class=\"gap-element clearfix\" style=\"display:block; height:auto;\">\n\t\t\n<style>\n#gap-2099312146 {\n  padding-top: 30px;\n}\n<\/style>\n\t<\/div>\n\t\n\n\t<div id=\"stack-1050444761\" class=\"stack stack-row justify-between items-stretch\">\n\t\t\n\n\t<div id=\"text-848900350\" class=\"text\">\n\t\t\n\n<h3>Theories and practices<\/h3>\n\t\t\n<style>\n#text-848900350 {\n  font-size: 2rem;\n  line-height: 0.75;\n}\n<\/style>\n\t<\/div>\n\t\n\n\t\t\n<style>\n#stack-1050444761 > * {\n  --stack-gap: 0rem;\n}\n<\/style>\n\t<\/div>\n\t\n\n\t\t<\/div>\n\t\t\t\t\t<\/div>\n\n\t\n\n<\/div>\n<div class=\"row row-large\"  id=\"row-1792720675\">\n\n\n\t<div id=\"col-634782485\" class=\"col medium-6 small-12 large-6\"  >\n\t\t\t\t<div class=\"col-inner\"  >\n\t\t\t\n\t\t\t\n\n<p>NaP is based on the Emotional Availability Theory (<a href=\"https:\/\/emotionalavailability.com\/\" target=\"_blank\" rel=\"noopener\">www.emotionalavailability.com<\/a>) of interaction (<em>Salo &amp; Flykt, 2013<\/em>), emphasising sensitivity, controllability, non-hostility, and non-intrusiveness on the parent&#8217;s side as components of effective interaction. On the child&#8217;s side, responsiveness and initiative are emphasised. A functioning emotional connection is the basis for interaction.<\/p>\n<p>There are hundreds of studies on the importance of emotional availability and how it relates to safe child development and effective emotional regulation (see <a href=\"https:\/\/emotionalavailability.com\/\" target=\"_blank\" rel=\"noopener\">www.emotionalavailability.com<\/a>). NaP developer Saara Salo has been researching Emotional Availability since 2009 (Salo et al., 2009, 2010, 2021, 2022) with both standard and clinical data (see research list). Saara Salo has also developed a method for observing emotional availability during pregnancy (<em>Pre-EA; Salo et al., 2019<\/em>). The theory developer, Prof. Zeynep Biringen, collaborates continuously with Salo and has permitted using their material as part of the NaP intervention.<\/p>\n<p>In practice, NaP is also based on the principles of Theraplay, a model for managing the child-parent relationship (<a href=\"http:\/\/www.theraplay.org\/\" target=\"_blank\" rel=\"noopener\">www.theraplay.org<\/a>).<\/p>\n<p>Theraplay is an adult-led, active, play-based treatment that requires more training and is longer and more intensive in nature. Based on Theraplay, NaP involves active play designed to evoke positive emotions and help the parent guide and regulate the child. Both developers of NaP, Saara Salo and Hanna Lampi, have long been Theraplay trainers and supervisors.<\/p>\n\n\t\t<\/div>\n\t\t\t\t\t<\/div>\n\n\t\n\n\t<div id=\"col-1011395952\" class=\"col medium-6 small-12 large-6\"  >\n\t\t\t\t<div class=\"col-inner\"  >\n\t\t\t\n\t\t\t\n\n<p>NaP is also based on the mentalization theory of parenting (<em>Pajulo et al. 2015<\/em>). Mentalization refers to the parent&#8217;s ability to reflect on the child&#8217;s experiences behind the behaviour\u2014feelings, thoughts, desires, etc. It is also an understanding of one&#8217;s feelings as a parent in relation to the child, how they relate, for example, to one\u2019s childhood, and, on the other hand, how much the child senses about the parent&#8217;s experiences, including the non-verbal ones.<\/p>\n<p>NaP aims to support the parent specifically in perceiving the child as a separate person, with their own experiences from the beginning. The mentalization interventions include a variety of tasks designed to stop the parent from observing and wondering about the child&#8217;s experiences here and now. Increasing mentalization skills is considered central to various early interaction interventions (<em>Kalland &amp; Salo, 2020<\/em>). Both NAP developers have training and experience in strengthening mentalization as part of their psychotherapeutic work. Saara Salo is also an Anna Freud Center-accredited family mentalization intervention trainer and has an ongoing international collaboration with mentalization therapy training communities.<\/p>\n<p>Parental emotional regulation plays a special role in the development of a functioning emotional and mentalizing relationship. Different sensory sensitivities, life stress or mood problems can influence this. Among NaP&#8217;s developers, Hanna Lampi is currently working on a PhD thesis at the University of Helsinki on the role of parental sensory regulation in early child development.<\/p>\n\n\t\t<\/div>\n\t\t\t\t\t<\/div>\n\n\t\n\n<\/div>\n\n\t\t<\/div>\n\n\t\t\n<style>\n#section_21896816 {\n  padding-top: 50px;\n  padding-bottom: 50px;\n  background-color: rgb(17, 92, 119);\n}\n#section_21896816 .ux-shape-divider--top svg {\n  height: 150px;\n  --divider-top-width: 100%;\n}\n#section_21896816 .ux-shape-divider--bottom svg {\n  height: 150px;\n  --divider-width: 100%;\n}\n<\/style>\n\t<\/section>\n\t\n\t<section class=\"section\" id=\"section_1148138101\">\n\t\t<div class=\"bg section-bg fill bg-fill  bg-loaded\" >\n\n\t\t\t\n\t\t\t\n\t\t\t\n\n\t\t<\/div>\n\n\t\t\n\n\t\t<div class=\"section-content relative\">\n\t\t\t\n\n\t<div id=\"gap-823306892\" class=\"gap-element clearfix\" style=\"display:block; height:auto;\">\n\t\t\n<style>\n#gap-823306892 {\n  padding-top: 20px;\n}\n@media (min-width:550px) {\n  #gap-823306892 {\n    padding-top: 40px;\n  }\n}\n<\/style>\n\t<\/div>\n\t\n\n<div class=\"row\"  id=\"row-654618685\">\n\n\n\t<div id=\"col-1697155008\" class=\"col medium-4 small-12 large-4\"  >\n\t\t\t\t<div class=\"col-inner\"  >\n\t\t\t\n\t\t\t\n\n\t<div id=\"gap-1676324210\" class=\"gap-element clearfix hide-for-medium\" style=\"display:block; height:auto;\">\n\t\t\n<style>\n#gap-1676324210 {\n  padding-top: 10px;\n}\n<\/style>\n\t<\/div>\n\t\n\n\t<div id=\"text-3592960365\" class=\"text\">\n\t\t\n\n<h3>NaP studies<\/h3>\n\t\t\n<style>\n#text-3592960365 {\n  font-size: 1.75rem;\n  line-height: 1.25;\n}\n@media (min-width:850px) {\n  #text-3592960365 {\n    line-height: 1.2;\n  }\n}\n<\/style>\n\t<\/div>\n\t\n\n\t\t<\/div>\n\t\t\t\t\n<style>\n#col-1697155008 > .col-inner {\n  margin: 0px 0px -20px 0px;\n}\n<\/style>\n\t<\/div>\n\n\t\n\n\t<div id=\"col-643607447\" class=\"col medium-8 small-12 large-8\"  >\n\t\t\t\t<div class=\"col-inner\"  >\n\t\t\t\n\t\t\t\n\n<p>A randomized controlled trial (RCT) of NaP in a group setting has been conducted on depressed mothers during pregnancy. The results showed that mothers in the experimental group had better sensitivity and reflective ability in both interactions. This demonstrates the effectiveness of group NaP.<\/p>\n<p>A new randomized controlled trial (RCT) of the effectiveness of working with babies is being launched in Buffalo. Data is currently being collected from babies aged 3-6 months.<\/p>\n<p>A feasibility study has been conducted in the Helsinki Mother and Child Home Association, and the results were provisionally reported at the World Infant Mental Health Congress in summer 2023. The results showed that NaP is an easy-to-implement and well-established treatment method in the Mother and Child Home environment. A wider effectiveness study is being planned.<\/p>\n<p>An interview study on the NaP for Foster Families intervention was carried out at the University of Jyv\u00e4skyl\u00e4, in which foster parents&#8217; meanings, thoughts and feelings towards the group were mapped (<em>Tuomi &amp; Ala-Ruona, 2022<\/em>). The study found that the intervention helps to deepen the parent-child bond and strengthen the attachment. The functionality of the group and peer support are also seen as important. The study&#8217;s results communicate well with attachment theory, supporting the assumption of the importance of family-centred intervention when working with foster families.<\/p>\n<div class=\"row\"  id=\"row-296235330\">\n\n\n\t<div id=\"col-1204190889\" class=\"col medium-6 small-12 large-6\"  >\n\t\t\t\t<div class=\"col-inner\"  >\n\t\t\t\n\t\t\t\n\n\t<div id=\"text-1677027769\" class=\"text\">\n\t\t\n\n<p>Kalland, M., &amp; Salo, S. (2014). Lapsen mentalisaatiokyky. In <em>Mentalisaatio perheiden kohtaamisessa<\/em> (pp. 39-54). Mannerheimin lastensuojeluliitto.<\/p>\n<p>Kalland, M., &amp; Salo, S. (2020). Vanhemmuuden tukeminen vauva-ja lapsiperheiss\u00e4. <em>Duodecim<\/em>.<\/p>\n<p>Pajulo, M., Salo, S., &amp; Pyykk\u00f6nen, N. (2015). Mentalisaatio ihmist\u00e4 suojaavana tekij\u00e4n\u00e4. <em>Duodecim<\/em>, <em>131<\/em>(11), 1050-1057<\/p>\n<p>Pajulo, M., Salo, S., &amp; Pyykk\u00f6nen, N. (2016). Mentalisaatio-ydinalue lasta suojaavassa ty\u00f6ss\u00e4. <em>Perheterapia<\/em>, <em>32<\/em>(1), 34-44.<\/p>\n<p>Peltokorpi, S., Salo, S., Nafstad, A., Hart, P., Tuomikoski, E., &amp; Laakso, M. (2023). Bodily-tactile early intervention for a mother and her child with visual impairment and additional disabilities: a case study. <em>Disability and Rehabilitation<\/em>, <em>45<\/em>(12), 2057-2072.<\/p>\n<p>Salo, S., Tuomi, K., &amp; Isoniemi, E. (2008). <em>HoiLei: vauvan ja vanhemman vuorovaikutus<\/em>. Psykologien kustannus.<\/p>\n<p>Salo, S., Kivist\u00f6, K., Korja, R., Biringen, Z., Tupola, S., Kahila, H., &amp; Kivitie-Kallio, S. (2009). Emotional availability, parental self-efficacy beliefs, and child development in caregiver-child relationships with buprenorphine-exposed 3-year-olds. <em>Parenting: Science and Practice<\/em>, <em>9<\/em>(3-4), 244-259.<\/p>\n<p>Salo, S., &amp; Flykt, M. (2013). Lapsen ja vanhemman v\u00e4lisen emotionaalisen saatavillaolon merkitys lapsen kehityksess\u00e4 ja hyvinvoinnissa. <em>Psykologia<\/em>, <em>48<\/em>(5-6), 402-416.<\/p>\n<p>Salo, S., &amp; Pajulo, M. (2018). Huumeongelmaisen \u00e4idin ja vauvan varhaisen vuorovaikutuksen tukeminen. In <em>Huume-ja l\u00e4\u00e4keriippuvuudet<\/em> (pp. 280-283). Duodecim.<\/p>\n\t\t\n<style>\n#text-1677027769 {\n  font-size: 0.9rem;\n}\n<\/style>\n\t<\/div>\n\t\n\n\t\t<\/div>\n\t\t\t\t\t<\/div>\n\n\t\n\n\t<div id=\"col-759695563\" class=\"col medium-6 small-12 large-6\"  >\n\t\t\t\t<div class=\"col-inner\"  >\n\t\t\t\n\t\t\t\n\n\t<div id=\"text-3504605576\" class=\"text\">\n\t\t\n\n<p>Salo, S. J., Flykt, M., Isos\u00e4vi, S., Punam\u00e4ki, R. L., Kalland, M., Biringen, Z., &amp; Pajulo, M. (2019). Validating an observational measure of prenatal emotional availability among mothers with depressive symptoms. <em>Journal of Prenatal &amp; Perinatal Psychology &amp; Health<\/em>.<\/p>\n<p>Salo, S. J., Flykt, M., M\u00e4kel\u00e4, J., Biringen, Z., Kalland, M., Pajulo, M., &amp; Punam\u00e4ki, R. L. (2019). The effectiveness of Nurture and Play: a mentalisation-based parenting group intervention for prenatally depressed mothers. <em>Primary Health Care Research &amp; Development<\/em>, <em>20<\/em>, e157.<\/p>\n<p>Salo, S. J., Pajulo, M., Vinzce, L., Raittila, S., Sourander, J., &amp; Kalland, M. (2021). Parent relationship satisfaction and reflective functioning as predictors of emotional availability and infant behavior. <em>Journal of Child and Family Studies<\/em>, <em>30<\/em>, 1214-1228<\/p>\n<p>Salo, S. J., Sourander, J., Lipsanen, J., Pajulo, M., &amp; Kalland, M. (2021). Isien ja \u00e4itien reflektiivinen kyky: seurantatutkimus raskauden ajalta kahteen ik\u00e4vuoteen. <em>Psykologia<\/em>, <em>56<\/em>(5), 472-495.<\/p>\n<p>Salo, S., Widenius, L., &amp; Kalland, M. (2021). Mentalisaatiopohjainen lapsikeskeinen perheinterventio-miten auttaa perhett\u00e4 ymm\u00e4rt\u00e4m\u00e4\u00e4n toisiaan?. <em>Perhe-ja pariterapialehti<\/em>, <em>37<\/em>(2).<\/p>\n<p>Tuomi, K. (2018). Intervention for foster families with young children. <i>Imagine \u2013 Early Childhood Music Therapy Online Magazine<\/i>, <i>9<\/i>(1), 66\u201368. https:\/\/doi.org\/ISSN<a title=\"https:\/\/eur01.safelinks.protection.outlook.com\/?url=https%3A%2F%2Fdoi.org%2FISSN&amp;data=05%7C02%7Caleksi.katainen%40topteam.fi%7Cf4bbb03cad2c4472fae308dc57afd98a%7Ca7b9340adf9e4e78a4b1a2d6f5d495c0%7C0%7C0%7C638481660006567946%7CUnknown%7CTWFpbGZsb3d8eyJWIjoiMC4wLjAwMDAiLCJQIjoiV2luMzIiLCJBTiI6Ik1haWwiLCJXVCI6Mn0%3D%7C0%7C%7C%7C&amp;sdata=aKDRZ3DJuw6%2FSkPp8GCP%2BtyO1gqVm3vKV0zfIdpU894%3D&amp;reserved=0\" href=\"https:\/\/eur01.safelinks.protection.outlook.com\/?url=https%3A%2F%2Fdoi.org%2FISSN&amp;data=05%7C02%7Caleksi.katainen%40topteam.fi%7Cf4bbb03cad2c4472fae308dc57afd98a%7Ca7b9340adf9e4e78a4b1a2d6f5d495c0%7C0%7C0%7C638481660006567946%7CUnknown%7CTWFpbGZsb3d8eyJWIjoiMC4wLjAwMDAiLCJQIjoiV2luMzIiLCJBTiI6Ik1haWwiLCJXVCI6Mn0%3D%7C0%7C%7C%7C&amp;sdata=aKDRZ3DJuw6%2FSkPp8GCP%2BtyO1gqVm3vKV0zfIdpU894%3D&amp;reserved=0\" data-outlook-id=\"848834e1-d331-4ccd-8f51-a0407c9144cc\">:<\/a>2153-7879.<\/p>\n<p>Tuomi, K. (2022). <i>Potentials of music therapy with children and families<\/i>. University of Jyv\u00e4skyl\u00e4. Retrieved from <a title=\"Original URL:\nhttp:\/\/urn.fi\/URN:ISBN:978-951-39-9258-3\n\nClick to follow link.\" href=\"https:\/\/eur01.safelinks.protection.outlook.com\/?url=http%3A%2F%2Furn.fi%2FURN%3AISBN%3A978-951-39-9258-3&amp;data=05%7C02%7Caleksi.katainen%40topteam.fi%7Cf4bbb03cad2c4472fae308dc57afd98a%7Ca7b9340adf9e4e78a4b1a2d6f5d495c0%7C0%7C0%7C638481660006579048%7CUnknown%7CTWFpbGZsb3d8eyJWIjoiMC4wLjAwMDAiLCJQIjoiV2luMzIiLCJBTiI6Ik1haWwiLCJXVCI6Mn0%3D%7C0%7C%7C%7C&amp;sdata=%2F5%2BsTMJGZR1q4oESMmTEZTEnOd8JtWFfRaV35SmEvZE%3D&amp;reserved=0\" data-outlook-id=\"31f0b571-ccdb-4bd9-b539-f9a6c787d0fd\">http:\/\/urn.fi\/URN:ISBN:978-951-39-9258-3<\/a><\/p>\n<p>Tuomi, K., &amp; Ala-Ruona, E. (2022). Nurture and play for foster families with young children: Foster-parents\u2019 reflections on attachment- focused group intervention. <i>Approaches: An Interdisciplinary Journal of Music Therapy<\/i>, <i>First view<\/i>.<\/p>\n\t\t\n<style>\n#text-3504605576 {\n  font-size: 0.9rem;\n}\n<\/style>\n\t<\/div>\n\t\n\n\t\t<\/div>\n\t\t\t\t\t<\/div>\n\n\t\n\n<\/div>\n\n\t\t<\/div>\n\t\t\t\t\t<\/div>\n\n\t\n\n<\/div>\n\n\t\t<\/div>\n\n\t\t\n<style>\n#section_1148138101 {\n  padding-top: 30px;\n  padding-bottom: 30px;\n}\n<\/style>\n\t<\/section>\n\t\n\n","protected":false},"excerpt":{"rendered":"","protected":false},"author":1,"featured_media":0,"parent":0,"menu_order":0,"comment_status":"closed","ping_status":"closed","template":"page-blank.php","meta":{"footnotes":""},"class_list":["post-61","page","type-page","status-publish","hentry"],"_links":{"self":[{"href":"https:\/\/nuturi.net\/en\/wp-json\/wp\/v2\/pages\/61"}],"collection":[{"href":"https:\/\/nuturi.net\/en\/wp-json\/wp\/v2\/pages"}],"about":[{"href":"https:\/\/nuturi.net\/en\/wp-json\/wp\/v2\/types\/page"}],"author":[{"embeddable":true,"href":"https:\/\/nuturi.net\/en\/wp-json\/wp\/v2\/users\/1"}],"replies":[{"embeddable":true,"href":"https:\/\/nuturi.net\/en\/wp-json\/wp\/v2\/comments?post=61"}],"version-history":[{"count":19,"href":"https:\/\/nuturi.net\/en\/wp-json\/wp\/v2\/pages\/61\/revisions"}],"predecessor-version":[{"id":293,"href":"https:\/\/nuturi.net\/en\/wp-json\/wp\/v2\/pages\/61\/revisions\/293"}],"wp:attachment":[{"href":"https:\/\/nuturi.net\/en\/wp-json\/wp\/v2\/media?parent=61"}],"curies":[{"name":"wp","href":"https:\/\/api.w.org\/{rel}","templated":true}]}}